{"id":227,"date":"2026-02-28T19:28:19","date_gmt":"2026-02-28T19:28:19","guid":{"rendered":"https:\/\/dodocluster.de\/?page_id=227"},"modified":"2026-03-01T01:37:19","modified_gmt":"2026-03-01T01:37:19","slug":"mods","status":"publish","type":"page","link":"https:\/\/dodocluster.de\/?page_id=227","title":{"rendered":"Mods"},"content":{"rendered":"\t\t<div data-elementor-type=\"wp-page\" data-elementor-id=\"227\" class=\"elementor elementor-227\" data-elementor-post-type=\"page\">\n\t\t\t\t<div class=\"elementor-element elementor-element-f0d2446 e-flex e-con-boxed e-con e-parent\" data-id=\"f0d2446\" data-element_type=\"container\" data-e-type=\"container\">\n\t\t\t\t\t<div class=\"e-con-inner\">\n\t\t\t\t<div class=\"elementor-element elementor-element-6f02aac elementor-widget elementor-widget-text-editor\" data-id=\"6f02aac\" data-element_type=\"widget\" data-e-type=\"widget\" data-widget_type=\"text-editor.default\">\n\t\t\t\t\t\t\t\t\t<p>\u00dcbersicht \u00fcber unser Mod-Setup f\u00fcr PC- und Konsolenserver<\/p>\t\t\t\t\t\t\t\t<\/div>\n\t\t\t\t\t<\/div>\n\t\t\t\t<\/div>\n\t\t<div class=\"elementor-element elementor-element-461da43 e-flex e-con-boxed e-con e-parent\" data-id=\"461da43\" data-element_type=\"container\" data-e-type=\"container\">\n\t\t\t\t\t<div class=\"e-con-inner\">\n\t\t\t\t<div class=\"elementor-element elementor-element-9229ae5 elementor-widget elementor-widget-image\" data-id=\"9229ae5\" data-element_type=\"widget\" data-e-type=\"widget\" data-widget_type=\"image.default\">\n\t\t\t\t\t\t\t\t\t\t\t\t\t\t\t<img fetchpriority=\"high\" decoding=\"async\" width=\"650\" height=\"611\" src=\"https:\/\/dodocluster.de\/wp-content\/uploads\/2026\/03\/Mods.png\" class=\"attachment-large size-large wp-image-281\" alt=\"\" srcset=\"https:\/\/dodocluster.de\/wp-content\/uploads\/2026\/03\/Mods.png 889w, https:\/\/dodocluster.de\/wp-content\/uploads\/2026\/03\/Mods-300x282.png 300w, https:\/\/dodocluster.de\/wp-content\/uploads\/2026\/03\/Mods-768x722.png 768w\" sizes=\"(max-width: 650px) 100vw, 650px\" \/>\t\t\t\t\t\t\t\t\t\t\t\t\t\t\t<\/div>\n\t\t\t\t\t<\/div>\n\t\t\t\t<\/div>\n\t\t\t\t<\/div>\n\t\t","protected":false},"excerpt":{"rendered":"<p>\u00dcbersicht \u00fcber unser Mod-Setup f\u00fcr PC- und Konsolenserver<\/p>\n","protected":false},"author":2,"featured_media":0,"parent":0,"menu_order":0,"comment_status":"closed","ping_status":"closed","template":"","meta":{"footnotes":""},"class_list":["post-227","page","type-page","status-publish","hentry"],"yoast_head":"<!-- This site is optimized with the Yoast SEO plugin v27.2 - https:\/\/yoast.com\/product\/yoast-seo-wordpress\/ -->\n<title>Mods - dodocluster.de<\/title>\n<meta name=\"robots\" content=\"index, follow, max-snippet:-1, max-image-preview:large, max-video-preview:-1\" \/>\n<link rel=\"canonical\" href=\"https:\/\/dodocluster.de\/?page_id=227\" \/>\n<meta property=\"og:locale\" content=\"de_DE\" \/>\n<meta property=\"og:type\" content=\"article\" \/>\n<meta property=\"og:title\" content=\"Mods - dodocluster.de\" \/>\n<meta property=\"og:description\" content=\"\u00dcbersicht \u00fcber unser Mod-Setup f\u00fcr PC- und Konsolenserver\" \/>\n<meta property=\"og:url\" content=\"https:\/\/dodocluster.de\/?page_id=227\" \/>\n<meta property=\"og:site_name\" content=\"dodocluster.de\" \/>\n<meta property=\"article:publisher\" content=\"https:\/\/www.facebook.com\/undefinierbarer\/\" \/>\n<meta property=\"article:modified_time\" content=\"2026-03-01T01:37:19+00:00\" \/>\n<meta property=\"og:image\" content=\"https:\/\/dodocluster.de\/wp-content\/uploads\/2026\/03\/Mods.png\" \/>\n\t<meta property=\"og:image:width\" content=\"889\" \/>\n\t<meta property=\"og:image:height\" content=\"836\" \/>\n\t<meta property=\"og:image:type\" content=\"image\/png\" \/>\n<meta name=\"twitter:card\" content=\"summary_large_image\" \/>\n<meta name=\"twitter:label1\" content=\"Gesch\u00e4tzte Lesezeit\" \/>\n\t<meta name=\"twitter:data1\" content=\"1\u00a0Minute\" \/>\n<script type=\"application\/ld+json\" class=\"yoast-schema-graph\">{\"@context\":\"https:\/\/schema.org\",\"@graph\":[{\"@type\":\"WebPage\",\"@id\":\"https:\/\/dodocluster.de\/?page_id=227\",\"url\":\"https:\/\/dodocluster.de\/?page_id=227\",\"name\":\"Mods - dodocluster.de\",\"isPartOf\":{\"@id\":\"https:\/\/dodocluster.de\/#website\"},\"primaryImageOfPage\":{\"@id\":\"https:\/\/dodocluster.de\/?page_id=227#primaryimage\"},\"image\":{\"@id\":\"https:\/\/dodocluster.de\/?page_id=227#primaryimage\"},\"thumbnailUrl\":\"https:\/\/dodocluster.de\/wp-content\/uploads\/2026\/03\/Mods.png\",\"datePublished\":\"2026-02-28T19:28:19+00:00\",\"dateModified\":\"2026-03-01T01:37:19+00:00\",\"breadcrumb\":{\"@id\":\"https:\/\/dodocluster.de\/?page_id=227#breadcrumb\"},\"inLanguage\":\"de\",\"potentialAction\":[{\"@type\":\"ReadAction\",\"target\":[\"https:\/\/dodocluster.de\/?page_id=227\"]}]},{\"@type\":\"ImageObject\",\"inLanguage\":\"de\",\"@id\":\"https:\/\/dodocluster.de\/?page_id=227#primaryimage\",\"url\":\"https:\/\/dodocluster.de\/wp-content\/uploads\/2026\/03\/Mods.png\",\"contentUrl\":\"https:\/\/dodocluster.de\/wp-content\/uploads\/2026\/03\/Mods.png\",\"width\":889,\"height\":836},{\"@type\":\"BreadcrumbList\",\"@id\":\"https:\/\/dodocluster.de\/?page_id=227#breadcrumb\",\"itemListElement\":[{\"@type\":\"ListItem\",\"position\":1,\"name\":\"Startseite\",\"item\":\"https:\/\/dodocluster.de\/\"},{\"@type\":\"ListItem\",\"position\":2,\"name\":\"Mods\"}]},{\"@type\":\"WebSite\",\"@id\":\"https:\/\/dodocluster.de\/#website\",\"url\":\"https:\/\/dodocluster.de\/\",\"name\":\"dodocluster.de\",\"description\":\"ARK Survival Ascended Server-Cluster\",\"publisher\":{\"@id\":\"https:\/\/dodocluster.de\/#organization\"},\"potentialAction\":[{\"@type\":\"SearchAction\",\"target\":{\"@type\":\"EntryPoint\",\"urlTemplate\":\"https:\/\/dodocluster.de\/?s={search_term_string}\"},\"query-input\":{\"@type\":\"PropertyValueSpecification\",\"valueRequired\":true,\"valueName\":\"search_term_string\"}}],\"inLanguage\":\"de\"},{\"@type\":\"Organization\",\"@id\":\"https:\/\/dodocluster.de\/#organization\",\"name\":\"dodocluster.de\",\"url\":\"https:\/\/dodocluster.de\/\",\"logo\":{\"@type\":\"ImageObject\",\"inLanguage\":\"de\",\"@id\":\"https:\/\/dodocluster.de\/#\/schema\/logo\/image\/\",\"url\":\"https:\/\/dodocluster.de\/wp-content\/uploads\/2025\/07\/dodocluster4.png\",\"contentUrl\":\"https:\/\/dodocluster.de\/wp-content\/uploads\/2025\/07\/dodocluster4.png\",\"width\":1128,\"height\":600,\"caption\":\"dodocluster.de\"},\"image\":{\"@id\":\"https:\/\/dodocluster.de\/#\/schema\/logo\/image\/\"},\"sameAs\":[\"https:\/\/www.facebook.com\/undefinierbarer\/\"]}]}<\/script>\n<!-- \/ Yoast SEO plugin. -->","yoast_head_json":{"title":"Mods - dodocluster.de","robots":{"index":"index","follow":"follow","max-snippet":"max-snippet:-1","max-image-preview":"max-image-preview:large","max-video-preview":"max-video-preview:-1"},"canonical":"https:\/\/dodocluster.de\/?page_id=227","og_locale":"de_DE","og_type":"article","og_title":"Mods - dodocluster.de","og_description":"\u00dcbersicht \u00fcber unser Mod-Setup f\u00fcr PC- und Konsolenserver","og_url":"https:\/\/dodocluster.de\/?page_id=227","og_site_name":"dodocluster.de","article_publisher":"https:\/\/www.facebook.com\/undefinierbarer\/","article_modified_time":"2026-03-01T01:37:19+00:00","og_image":[{"width":889,"height":836,"url":"https:\/\/dodocluster.de\/wp-content\/uploads\/2026\/03\/Mods.png","type":"image\/png"}],"twitter_card":"summary_large_image","twitter_misc":{"Gesch\u00e4tzte Lesezeit":"1\u00a0Minute"},"schema":{"@context":"https:\/\/schema.org","@graph":[{"@type":"WebPage","@id":"https:\/\/dodocluster.de\/?page_id=227","url":"https:\/\/dodocluster.de\/?page_id=227","name":"Mods - dodocluster.de","isPartOf":{"@id":"https:\/\/dodocluster.de\/#website"},"primaryImageOfPage":{"@id":"https:\/\/dodocluster.de\/?page_id=227#primaryimage"},"image":{"@id":"https:\/\/dodocluster.de\/?page_id=227#primaryimage"},"thumbnailUrl":"https:\/\/dodocluster.de\/wp-content\/uploads\/2026\/03\/Mods.png","datePublished":"2026-02-28T19:28:19+00:00","dateModified":"2026-03-01T01:37:19+00:00","breadcrumb":{"@id":"https:\/\/dodocluster.de\/?page_id=227#breadcrumb"},"inLanguage":"de","potentialAction":[{"@type":"ReadAction","target":["https:\/\/dodocluster.de\/?page_id=227"]}]},{"@type":"ImageObject","inLanguage":"de","@id":"https:\/\/dodocluster.de\/?page_id=227#primaryimage","url":"https:\/\/dodocluster.de\/wp-content\/uploads\/2026\/03\/Mods.png","contentUrl":"https:\/\/dodocluster.de\/wp-content\/uploads\/2026\/03\/Mods.png","width":889,"height":836},{"@type":"BreadcrumbList","@id":"https:\/\/dodocluster.de\/?page_id=227#breadcrumb","itemListElement":[{"@type":"ListItem","position":1,"name":"Startseite","item":"https:\/\/dodocluster.de\/"},{"@type":"ListItem","position":2,"name":"Mods"}]},{"@type":"WebSite","@id":"https:\/\/dodocluster.de\/#website","url":"https:\/\/dodocluster.de\/","name":"dodocluster.de","description":"ARK Survival Ascended Server-Cluster","publisher":{"@id":"https:\/\/dodocluster.de\/#organization"},"potentialAction":[{"@type":"SearchAction","target":{"@type":"EntryPoint","urlTemplate":"https:\/\/dodocluster.de\/?s={search_term_string}"},"query-input":{"@type":"PropertyValueSpecification","valueRequired":true,"valueName":"search_term_string"}}],"inLanguage":"de"},{"@type":"Organization","@id":"https:\/\/dodocluster.de\/#organization","name":"dodocluster.de","url":"https:\/\/dodocluster.de\/","logo":{"@type":"ImageObject","inLanguage":"de","@id":"https:\/\/dodocluster.de\/#\/schema\/logo\/image\/","url":"https:\/\/dodocluster.de\/wp-content\/uploads\/2025\/07\/dodocluster4.png","contentUrl":"https:\/\/dodocluster.de\/wp-content\/uploads\/2025\/07\/dodocluster4.png","width":1128,"height":600,"caption":"dodocluster.de"},"image":{"@id":"https:\/\/dodocluster.de\/#\/schema\/logo\/image\/"},"sameAs":["https:\/\/www.facebook.com\/undefinierbarer\/"]}]}},"_links":{"self":[{"href":"https:\/\/dodocluster.de\/index.php?rest_route=\/wp\/v2\/pages\/227","targetHints":{"allow":["GET"]}}],"collection":[{"href":"https:\/\/dodocluster.de\/index.php?rest_route=\/wp\/v2\/pages"}],"about":[{"href":"https:\/\/dodocluster.de\/index.php?rest_route=\/wp\/v2\/types\/page"}],"author":[{"embeddable":true,"href":"https:\/\/dodocluster.de\/index.php?rest_route=\/wp\/v2\/users\/2"}],"replies":[{"embeddable":true,"href":"https:\/\/dodocluster.de\/index.php?rest_route=%2Fwp%2Fv2%2Fcomments&post=227"}],"version-history":[{"count":7,"href":"https:\/\/dodocluster.de\/index.php?rest_route=\/wp\/v2\/pages\/227\/revisions"}],"predecessor-version":[{"id":287,"href":"https:\/\/dodocluster.de\/index.php?rest_route=\/wp\/v2\/pages\/227\/revisions\/287"}],"wp:attachment":[{"href":"https:\/\/dodocluster.de\/index.php?rest_route=%2Fwp%2Fv2%2Fmedia&parent=227"}],"curies":[{"name":"wp","href":"https:\/\/api.w.org\/{rel}","templated":true}]}}